{"id":1109,"date":"2020-07-17T11:10:34","date_gmt":"2020-07-17T11:10:34","guid":{"rendered":"https:\/\/ingeper.com\/?page_id=1109"},"modified":"2023-03-10T09:59:56","modified_gmt":"2023-03-10T09:59:56","slug":"aviso-legal-y-politica-de-privacidad","status":"publish","type":"page","link":"https:\/\/ingeper.com\/index.php\/aviso-legal-y-politica-de-privacidad\/","title":{"rendered":"Aviso legal y pol\u00edtica de privacidad"},"content":{"rendered":"\n<p>El presente Aviso Legal regula las condiciones generales de acceso y utilizaci\u00f3n del sitio web accesible en la direcci\u00f3n <a href=\"https:\/\/ingeper.com\/\"><a href=\"https:\/\/ingeper.com\/\">https:\/\/ingeper.com<\/a><\/a> (en adelante, el sitio web), que INGEPER pone a disposici\u00f3n de los usuarios de Internet.<\/p>\n\n\n\n<p>La utilizaci\u00f3n del sitio web implica la aceptaci\u00f3n plena y sin reservas de todas y cada una de las disposiciones incluidas en este Aviso Legal. En consecuencia, el usuario del sitio web debe leer atentamente el presente Aviso Legal en cada una de las ocasiones en que se proponga utilizar la web, ya que el texto podr\u00eda sufrir modificaciones a criterio del titular de la web, o a causa de un cambio legislativo, jurisprudencial o en la pr\u00e1ctica empresarial.<\/p>\n\n\n\n<p>1.- TITULARIDAD DEL SITIO WEB.<\/p>\n\n\n\n<p>Nombre del titular: Ingenier\u00eda Pericial Mart\u00ednez Elices S.L.<\/p>\n\n\n\n<p>Domicilio social: C. Isabel torres, 11 &#8211; Oficina 9, 39011 Santander Cantabria<\/p>\n\n\n\n<p>C.I.F.: B39837299<\/p>\n\n\n\n<p>Tel\u00e9fono de contacto: 942 17 29 25<\/p>\n\n\n\n<p>Correo electr\u00f3nico: <a href=\"mailto:administracion@ingeper.com\">ingeper@ingeper.com<\/a><\/p>\n\n\n\n<p>Datos registrales: Inscrita en el Registro Mercantil de Santander; Tomo 1138; Libro 0; Folio 11; Hoja S-31065.; Inscripci\u00f3n 1\u00ba.<br><br>2.- OBJETO.<\/p>\n\n\n\n<p>El sitio web facilita a los usuarios del mismo el acceso a informaci\u00f3n y servicios prestados por INGEPER a aquellas personas u organizaciones interesadas en los mismos.<br><br>3.- ACCESO Y UTILIZACI\u00d3N DE LA WEB.<\/p>\n\n\n\n<p>3.1.- Car\u00e1cter gratuito del acceso y utilizaci\u00f3n de la web. El acceso a la web tiene car\u00e1cter gratuito para los usuarios de la misma.<\/p>\n\n\n\n<p>3.2.- Registro de usuarios. Con car\u00e1cter general el acceso y utilizaci\u00f3n de la web no exige la previa suscripci\u00f3n o registro de los usuarios de la misma.<\/p>\n\n\n\n<p>4.- CONTENIDOS DE LA WEB.<\/p>\n\n\n\n<p>El idioma utilizado por el titular en la web ser\u00e1 el castellano. INGEPER no se responsabiliza de la no comprensi\u00f3n o entendimiento del idioma de la web por el usuario, ni de sus consecuencias.<\/p>\n\n\n\n<p>INGEPER podr\u00e1 modificar los contenidos sin previo aviso, as\u00ed como suprimir y cambiar \u00e9stos dentro de la web, como la forma en que se accede a \u00e9stos, sin justificaci\u00f3n alguna y libremente, no responsabiliz\u00e1ndose de las consecuencias que los mismos puedan ocasionar a los usuarios.<\/p>\n\n\n\n<p>Se proh\u00edbe el uso de los contenidos de la web para promocionar, contratar o divulgar publicidad o informaci\u00f3n propia o de terceras personas sin la autorizaci\u00f3n de INGEPER, ni remitir publicidad o informaci\u00f3n vali\u00e9ndose para ello de los servicios o informaci\u00f3n que se ponen a disposici\u00f3n de los usuarios, independientemente de si la utilizaci\u00f3n es gratuita o no.<\/p>\n\n\n\n<p>Los enlaces o hiperenlaces que incorporen terceros en sus p\u00e1ginas web, dirigidos a esta web, ser\u00e1n para la apertura de la p\u00e1gina web completa, no pudiendo manifestar, directa o indirectamente, indicaciones falsas, inexactas o confusas, ni incurrir en acciones desleales o il\u00edcitas en contra de INGEPER.<\/p>\n\n\n\n<p>5.- LIMITACI\u00d3N DE RESPONSABILIDAD.<\/p>\n\n\n\n<p>Tanto el acceso a la web como el uso no consentido que pueda efectuarse de la informaci\u00f3n contenida en la misma es de la exclusiva responsabilidad de quien lo realiza. INGEPER no responder\u00e1 de ninguna consecuencia, da\u00f1o o perjuicio que pudieran derivarse de dicho acceso o uso. INGEPER no se hace responsable de los errores de seguridad, que se puedan producir ni de los da\u00f1os que puedan causarse al sistema inform\u00e1tico del usuario (hardware y software), o a los ficheros o documentos almacenados en el mismo, como consecuencia de:<\/p>\n\n\n\n<p>&#8211; La presencia de un virus en el ordenador del usuario que sea utilizado para la conexi\u00f3n a los servicios y contenidos de la web.<\/p>\n\n\n\n<p>&#8211; Un mal funcionamiento del navegador.<\/p>\n\n\n\n<p>&#8211; Y\/o del uso de versiones no actualizadas del mismo.<\/p>\n\n\n\n<p>INGEPER no se hace responsable de la fiabilidad y rapidez de los hiperenlaces que se incorporen en la web para la apertura de otras. INGEPER no garantiza la utilidad de estos enlaces, ni se responsabiliza de los contenidos o servicios a los que pueda acceder el usuario por medio de estos enlaces, ni del buen funcionamiento de estas webs.<\/p>\n\n\n\n<p>INGEPER no ser\u00e1 responsable de los virus o dem\u00e1s programas inform\u00e1ticos que deterioren o puedan deteriorar los sistemas o equipos inform\u00e1ticos de los usuarios al acceder a su web u otras webs a las que se haya accedido mediante enlaces de esta web.<br><br>6.- EMPLEO DE LA TECNOLOG\u00cdA \u201cCOOKIE\u201d.<\/p>\n\n\n\n<p>La web emplea cookies, puede consultar nuestra Pol\u00edtica de Cookies, que respeta en todo momento la confidencialidad e intimidad del mismo.<\/p>\n\n\n\n<p>7.- PROPIEDAD INTELECTUAL E INDUSTRIAL.<\/p>\n\n\n\n<p>Son propiedad de INGEPER, todos los derechos de propiedad industrial e intelectual de la web, as\u00ed como de los contenidos que alberga. Cualquier uso de la web o sus contenidos deber\u00e1 tener un car\u00e1cter exclusivamente particular.<\/p>\n\n\n\n<p>Est\u00e1 reservado exclusivamente a INGEPER, cualquier otro uso que suponga la copia, reproducci\u00f3n, distribuci\u00f3n, transformaci\u00f3n, comunicaci\u00f3n p\u00fablica o cualquier otra acci\u00f3n similar, de todo o parte de los contenidos de la web, por lo que ning\u00fan usuario podr\u00e1 llevar a cabo estas acciones sin la autorizaci\u00f3n previa y por escrito de INGEPER.<\/p>\n\n\n\n<p>8.- LEGISLACI\u00d3N APLICABLE Y JURISDICCI\u00d3N COMPETENTE.<\/p>\n\n\n\n<p>El presente Aviso Legal se interpretar\u00e1 y regir\u00e1 de conformidad con la legislaci\u00f3n espa\u00f1ola. INGEPER y los usuarios, con renuncia expresa a cualquier otro fuero que pudiera corresponderles, se someten al de los juzgados y tribunales del domicilio del usuario para cualquier controversia que pudiera derivarse del acceso o uso de la web. En el caso de que el usuario tenga su domicilio fuera de Espa\u00f1a, INGEPER y el usuario, se someten, con renuncia expresa a cualquier otro fuero, a los juzgados y tribunales del domicilio de Cantabria.<\/p>\n\n\n\n<p>El presente Aviso Legal se interpretar\u00e1 y regir\u00e1 de conformidad con la legislaci\u00f3n espa\u00f1ola. INGEPER y los usuarios, con renuncia expresa a cualquier otro fuero que pudiera corresponderles, se someten al de los juzgados y tribunales del domicilio del usuario para cualquier controversia que pudiera derivarse del acceso o uso de la web. En el caso de que el usuario tenga su domicilio fuera de Espa\u00f1a, INGEPER y el usuario, se someten, con renuncia expresa a cualquier otro fuero, a los juzgados y tribunales del domicilio de Cantabria.<\/p>\n","protected":false},"excerpt":{"rendered":"<p>El presente Aviso Legal regula las condiciones generales de acceso y utilizaci\u00f3n del sitio web accesible en la direcci\u00f3n https:\/\/ingeper.com (en adelante, el sitio web), que INGEPER pone a disposici\u00f3n de los usuarios de Internet. La utilizaci\u00f3n del sitio web implica la aceptaci\u00f3n plena y sin reservas de todas y cada una de las disposiciones [&hellip;]<\/p>\n","protected":false},"author":2,"featured_media":0,"parent":0,"menu_order":0,"comment_status":"closed","ping_status":"closed","template":"","meta":{"footnotes":""},"yoast_head":"<!-- This site is optimized with the Yoast SEO plugin v14.5 - https:\/\/yoast.com\/wordpress\/plugins\/seo\/ -->\n<title>Aviso legal y pol\u00edtica de privacidad - Ingeper<\/title>\n<meta name=\"robots\" content=\"index, follow\" \/>\n<meta name=\"googlebot\" content=\"index, follow, max-snippet:-1, max-image-preview:large, max-video-preview:-1\" \/>\n<meta name=\"bingbot\" content=\"index, follow, max-snippet:-1, max-image-preview:large, max-video-preview:-1\" \/>\n<link rel=\"canonical\" href=\"https:\/\/ingeper.com\/index.php\/aviso-legal-y-politica-de-privacidad\/\" \/>\n<meta property=\"og:locale\" content=\"en_US\" \/>\n<meta property=\"og:type\" content=\"article\" \/>\n<meta property=\"og:title\" content=\"Aviso legal y pol\u00edtica de privacidad - Ingeper\" \/>\n<meta property=\"og:description\" content=\"El presente Aviso Legal regula las condiciones generales de acceso y utilizaci\u00f3n del sitio web accesible en la direcci\u00f3n https:\/\/ingeper.com (en adelante, el sitio web), que INGEPER pone a disposici\u00f3n de los usuarios de Internet. La utilizaci\u00f3n del sitio web implica la aceptaci\u00f3n plena y sin reservas de todas y cada una de las disposiciones [&hellip;]\" \/>\n<meta property=\"og:url\" content=\"https:\/\/ingeper.com\/index.php\/aviso-legal-y-politica-de-privacidad\/\" \/>\n<meta property=\"og:site_name\" content=\"Ingeper\" \/>\n<meta property=\"article:modified_time\" content=\"2023-03-10T09:59:56+00:00\" \/>\n<meta name=\"twitter:card\" content=\"summary_large_image\" \/>\n<script type=\"application\/ld+json\" class=\"yoast-schema-graph\">{\"@context\":\"https:\/\/schema.org\",\"@graph\":[{\"@type\":\"Organization\",\"@id\":\"https:\/\/ingeper.com\/#organization\",\"name\":\"Ingeper\",\"url\":\"https:\/\/ingeper.com\/\",\"sameAs\":[\"https:\/\/www.linkedin.com\/company\/ingenieria-pericial-martinez-elices-sl\"],\"logo\":{\"@type\":\"ImageObject\",\"@id\":\"https:\/\/ingeper.com\/#logo\",\"inLanguage\":\"en-US\",\"url\":\"https:\/\/ingeper.com\/wp-content\/uploads\/2020\/06\/Logo-Full-512.png\",\"width\":512,\"height\":379,\"caption\":\"Ingeper\"},\"image\":{\"@id\":\"https:\/\/ingeper.com\/#logo\"}},{\"@type\":\"WebSite\",\"@id\":\"https:\/\/ingeper.com\/#website\",\"url\":\"https:\/\/ingeper.com\/\",\"name\":\"Ingeper\",\"description\":\"Rapidez, rigor y profesionalidad ante cualquier siniestro\",\"publisher\":{\"@id\":\"https:\/\/ingeper.com\/#organization\"},\"potentialAction\":[{\"@type\":\"SearchAction\",\"target\":\"https:\/\/ingeper.com\/?s={search_term_string}\",\"query-input\":\"required name=search_term_string\"}],\"inLanguage\":\"en-US\"},{\"@type\":\"WebPage\",\"@id\":\"https:\/\/ingeper.com\/index.php\/aviso-legal-y-politica-de-privacidad\/#webpage\",\"url\":\"https:\/\/ingeper.com\/index.php\/aviso-legal-y-politica-de-privacidad\/\",\"name\":\"Aviso legal y pol\\u00edtica de privacidad - Ingeper\",\"isPartOf\":{\"@id\":\"https:\/\/ingeper.com\/#website\"},\"datePublished\":\"2020-07-17T11:10:34+00:00\",\"dateModified\":\"2023-03-10T09:59:56+00:00\",\"inLanguage\":\"en-US\",\"potentialAction\":[{\"@type\":\"ReadAction\",\"target\":[\"https:\/\/ingeper.com\/index.php\/aviso-legal-y-politica-de-privacidad\/\"]}]}]}<\/script>\n<!-- \/ Yoast SEO plugin. -->","_links":{"self":[{"href":"https:\/\/ingeper.com\/index.php\/wp-json\/wp\/v2\/pages\/1109"}],"collection":[{"href":"https:\/\/ingeper.com\/index.php\/wp-json\/wp\/v2\/pages"}],"about":[{"href":"https:\/\/ingeper.com\/index.php\/wp-json\/wp\/v2\/types\/page"}],"author":[{"embeddable":true,"href":"https:\/\/ingeper.com\/index.php\/wp-json\/wp\/v2\/users\/2"}],"replies":[{"embeddable":true,"href":"https:\/\/ingeper.com\/index.php\/wp-json\/wp\/v2\/comments?post=1109"}],"version-history":[{"count":6,"href":"https:\/\/ingeper.com\/index.php\/wp-json\/wp\/v2\/pages\/1109\/revisions"}],"predecessor-version":[{"id":1271,"href":"https:\/\/ingeper.com\/index.php\/wp-json\/wp\/v2\/pages\/1109\/revisions\/1271"}],"wp:attachment":[{"href":"https:\/\/ingeper.com\/index.php\/wp-json\/wp\/v2\/media?parent=1109"}],"curies":[{"name":"wp","href":"https:\/\/api.w.org\/{rel}","templated":true}]}}